{"id":2536,"date":"2018-02-07T17:21:23","date_gmt":"2018-02-07T15:21:23","guid":{"rendered":"https:\/\/www.ha.ax\/?page_id=2536"},"modified":"2026-03-17T11:42:07","modified_gmt":"2026-03-17T09:42:07","slug":"about-us","status":"publish","type":"page","link":"https:\/\/www.ha.ax\/en\/about-us\/","title":{"rendered":"About us"},"content":{"rendered":"","protected":false},"excerpt":{"rendered":"","protected":false},"author":3,"featured_media":9391,"parent":0,"menu_order":4000,"comment_status":"closed","ping_status":"closed","template":"","meta":{"_acf_changed":false,"_relevanssi_hide_post":"","_relevanssi_hide_content":"","_relevanssi_pin_for_all":"","_relevanssi_pin_keywords":"","_relevanssi_unpin_keywords":"","_relevanssi_related_keywords":"","_relevanssi_related_include_ids":"","_relevanssi_related_exclude_ids":"","_relevanssi_related_no_append":"","_relevanssi_related_not_related":"","_relevanssi_related_posts":"","_relevanssi_noindex_reason":"","footnotes":""},"class_list":["post-2536","page","type-page","status-publish","has-post-thumbnail","hentry"],"acf":[],"yoast_head":"<!-- This site is optimized with the Yoast SEO plugin v27.3 - https:\/\/yoast.com\/product\/yoast-seo-wordpress\/ -->\n<title>About us &#8211; H\u00f6gskolan p\u00e5 \u00c5land<\/title>\n<meta name=\"robots\" content=\"index, follow, max-snippet:-1, max-image-preview:large, max-video-preview:-1\" \/>\n<link rel=\"canonical\" href=\"https:\/\/www.ha.ax\/en\/about-us\/\" \/>\n<meta property=\"og:locale\" content=\"en_US\" \/>\n<meta property=\"og:type\" content=\"article\" \/>\n<meta property=\"og:title\" content=\"About us &#8211; H\u00f6gskolan p\u00e5 \u00c5land\" \/>\n<meta property=\"og:url\" content=\"https:\/\/www.ha.ax\/en\/about-us\/\" \/>\n<meta property=\"og:site_name\" content=\"H\u00f6gskolan p\u00e5 \u00c5land\" \/>\n<meta property=\"article:modified_time\" content=\"2026-03-17T09:42:07+00:00\" \/>\n<meta property=\"og:image\" content=\"https:\/\/www.ha.ax\/uploads\/2023\/08\/p1023881-2.jpg\" \/>\n\t<meta property=\"og:image:width\" content=\"2560\" \/>\n\t<meta property=\"og:image:height\" content=\"835\" \/>\n\t<meta property=\"og:image:type\" content=\"image\/jpeg\" \/>\n<meta name=\"twitter:card\" content=\"summary_large_image\" \/>\n<meta name=\"twitter:label1\" content=\"Est. reading time\" \/>\n\t<meta name=\"twitter:data1\" content=\"11 minutes\" \/>\n<script type=\"application\/ld+json\" class=\"yoast-schema-graph\">{\"@context\":\"https:\\\/\\\/schema.org\",\"@graph\":[{\"@type\":\"WebPage\",\"@id\":\"https:\\\/\\\/www.ha.ax\\\/en\\\/about-us\\\/\",\"url\":\"https:\\\/\\\/www.ha.ax\\\/en\\\/about-us\\\/\",\"name\":\"About us &#8211; H\u00f6gskolan p\u00e5 \u00c5land\",\"isPartOf\":{\"@id\":\"https:\\\/\\\/www.ha.ax\\\/en\\\/#website\"},\"primaryImageOfPage\":{\"@id\":\"https:\\\/\\\/www.ha.ax\\\/en\\\/about-us\\\/#primaryimage\"},\"image\":{\"@id\":\"https:\\\/\\\/www.ha.ax\\\/en\\\/about-us\\\/#primaryimage\"},\"thumbnailUrl\":\"https:\\\/\\\/www.ha.ax\\\/uploads\\\/2023\\\/08\\\/p1023881-2.jpg\",\"datePublished\":\"2018-02-07T15:21:23+00:00\",\"dateModified\":\"2026-03-17T09:42:07+00:00\",\"breadcrumb\":{\"@id\":\"https:\\\/\\\/www.ha.ax\\\/en\\\/about-us\\\/#breadcrumb\"},\"inLanguage\":\"en-US\",\"potentialAction\":[{\"@type\":\"ReadAction\",\"target\":[\"https:\\\/\\\/www.ha.ax\\\/en\\\/about-us\\\/\"]}]},{\"@type\":\"ImageObject\",\"inLanguage\":\"en-US\",\"@id\":\"https:\\\/\\\/www.ha.ax\\\/en\\\/about-us\\\/#primaryimage\",\"url\":\"https:\\\/\\\/www.ha.ax\\\/uploads\\\/2023\\\/08\\\/p1023881-2.jpg\",\"contentUrl\":\"https:\\\/\\\/www.ha.ax\\\/uploads\\\/2023\\\/08\\\/p1023881-2.jpg\",\"width\":2560,\"height\":835,\"caption\":\"Skylt av H\u00f6gskolan p\u00e5 \u00c5lands logo\"},{\"@type\":\"BreadcrumbList\",\"@id\":\"https:\\\/\\\/www.ha.ax\\\/en\\\/about-us\\\/#breadcrumb\",\"itemListElement\":[{\"@type\":\"ListItem\",\"position\":1,\"name\":\"Home\",\"item\":\"https:\\\/\\\/www.ha.ax\\\/en\\\/\"},{\"@type\":\"ListItem\",\"position\":2,\"name\":\"About us\"}]},{\"@type\":\"WebSite\",\"@id\":\"https:\\\/\\\/www.ha.ax\\\/en\\\/#website\",\"url\":\"https:\\\/\\\/www.ha.ax\\\/en\\\/\",\"name\":\"H\u00f6gskolan p\u00e5 \u00c5land\",\"description\":\"En h\u00f6gskola mitt i \u00d6stersj\u00f6n med utbildningar inom v\u00e5rd, teknik, sj\u00f6fart, turism och ekonomi.\",\"publisher\":{\"@id\":\"https:\\\/\\\/www.ha.ax\\\/en\\\/#organization\"},\"potentialAction\":[{\"@type\":\"SearchAction\",\"target\":{\"@type\":\"EntryPoint\",\"urlTemplate\":\"https:\\\/\\\/www.ha.ax\\\/en\\\/?s={search_term_string}\"},\"query-input\":{\"@type\":\"PropertyValueSpecification\",\"valueRequired\":true,\"valueName\":\"search_term_string\"}}],\"inLanguage\":\"en-US\"},{\"@type\":\"Organization\",\"@id\":\"https:\\\/\\\/www.ha.ax\\\/en\\\/#organization\",\"name\":\"\u00c5land h\u00f6gskola\",\"url\":\"https:\\\/\\\/www.ha.ax\\\/en\\\/\",\"logo\":{\"@type\":\"ImageObject\",\"inLanguage\":\"en-US\",\"@id\":\"https:\\\/\\\/www.ha.ax\\\/en\\\/#\\\/schema\\\/logo\\\/image\\\/\",\"url\":\"https:\\\/\\\/www.ha.ax\\\/uploads\\\/sites\\\/4\\\/2017\\\/12\\\/logo.png\",\"contentUrl\":\"https:\\\/\\\/www.ha.ax\\\/uploads\\\/sites\\\/4\\\/2017\\\/12\\\/logo.png\",\"width\":1026,\"height\":217,\"caption\":\"\u00c5land h\u00f6gskola\"},\"image\":{\"@id\":\"https:\\\/\\\/www.ha.ax\\\/en\\\/#\\\/schema\\\/logo\\\/image\\\/\"}}]}<\/script>\n<!-- \/ Yoast SEO plugin. -->","yoast_head_json":{"title":"About us &#8211; H\u00f6gskolan p\u00e5 \u00c5land","robots":{"index":"index","follow":"follow","max-snippet":"max-snippet:-1","max-image-preview":"max-image-preview:large","max-video-preview":"max-video-preview:-1"},"canonical":"https:\/\/www.ha.ax\/en\/about-us\/","og_locale":"en_US","og_type":"article","og_title":"About us &#8211; H\u00f6gskolan p\u00e5 \u00c5land","og_url":"https:\/\/www.ha.ax\/en\/about-us\/","og_site_name":"H\u00f6gskolan p\u00e5 \u00c5land","article_modified_time":"2026-03-17T09:42:07+00:00","og_image":[{"width":2560,"height":835,"url":"https:\/\/www.ha.ax\/uploads\/2023\/08\/p1023881-2.jpg","type":"image\/jpeg"}],"twitter_card":"summary_large_image","twitter_misc":{"Est. reading time":"11 minutes"},"schema":{"@context":"https:\/\/schema.org","@graph":[{"@type":"WebPage","@id":"https:\/\/www.ha.ax\/en\/about-us\/","url":"https:\/\/www.ha.ax\/en\/about-us\/","name":"About us &#8211; H\u00f6gskolan p\u00e5 \u00c5land","isPartOf":{"@id":"https:\/\/www.ha.ax\/en\/#website"},"primaryImageOfPage":{"@id":"https:\/\/www.ha.ax\/en\/about-us\/#primaryimage"},"image":{"@id":"https:\/\/www.ha.ax\/en\/about-us\/#primaryimage"},"thumbnailUrl":"https:\/\/www.ha.ax\/uploads\/2023\/08\/p1023881-2.jpg","datePublished":"2018-02-07T15:21:23+00:00","dateModified":"2026-03-17T09:42:07+00:00","breadcrumb":{"@id":"https:\/\/www.ha.ax\/en\/about-us\/#breadcrumb"},"inLanguage":"en-US","potentialAction":[{"@type":"ReadAction","target":["https:\/\/www.ha.ax\/en\/about-us\/"]}]},{"@type":"ImageObject","inLanguage":"en-US","@id":"https:\/\/www.ha.ax\/en\/about-us\/#primaryimage","url":"https:\/\/www.ha.ax\/uploads\/2023\/08\/p1023881-2.jpg","contentUrl":"https:\/\/www.ha.ax\/uploads\/2023\/08\/p1023881-2.jpg","width":2560,"height":835,"caption":"Skylt av H\u00f6gskolan p\u00e5 \u00c5lands logo"},{"@type":"BreadcrumbList","@id":"https:\/\/www.ha.ax\/en\/about-us\/#breadcrumb","itemListElement":[{"@type":"ListItem","position":1,"name":"Home","item":"https:\/\/www.ha.ax\/en\/"},{"@type":"ListItem","position":2,"name":"About us"}]},{"@type":"WebSite","@id":"https:\/\/www.ha.ax\/en\/#website","url":"https:\/\/www.ha.ax\/en\/","name":"H\u00f6gskolan p\u00e5 \u00c5land","description":"En h\u00f6gskola mitt i \u00d6stersj\u00f6n med utbildningar inom v\u00e5rd, teknik, sj\u00f6fart, turism och ekonomi.","publisher":{"@id":"https:\/\/www.ha.ax\/en\/#organization"},"potentialAction":[{"@type":"SearchAction","target":{"@type":"EntryPoint","urlTemplate":"https:\/\/www.ha.ax\/en\/?s={search_term_string}"},"query-input":{"@type":"PropertyValueSpecification","valueRequired":true,"valueName":"search_term_string"}}],"inLanguage":"en-US"},{"@type":"Organization","@id":"https:\/\/www.ha.ax\/en\/#organization","name":"\u00c5land h\u00f6gskola","url":"https:\/\/www.ha.ax\/en\/","logo":{"@type":"ImageObject","inLanguage":"en-US","@id":"https:\/\/www.ha.ax\/en\/#\/schema\/logo\/image\/","url":"https:\/\/www.ha.ax\/uploads\/sites\/4\/2017\/12\/logo.png","contentUrl":"https:\/\/www.ha.ax\/uploads\/sites\/4\/2017\/12\/logo.png","width":1026,"height":217,"caption":"\u00c5land h\u00f6gskola"},"image":{"@id":"https:\/\/www.ha.ax\/en\/#\/schema\/logo\/image\/"}}]}},"_links":{"self":[{"href":"https:\/\/www.ha.ax\/en\/wp-json\/wp\/v2\/pages\/2536","targetHints":{"allow":["GET"]}}],"collection":[{"href":"https:\/\/www.ha.ax\/en\/wp-json\/wp\/v2\/pages"}],"about":[{"href":"https:\/\/www.ha.ax\/en\/wp-json\/wp\/v2\/types\/page"}],"author":[{"embeddable":true,"href":"https:\/\/www.ha.ax\/en\/wp-json\/wp\/v2\/users\/3"}],"replies":[{"embeddable":true,"href":"https:\/\/www.ha.ax\/en\/wp-json\/wp\/v2\/comments?post=2536"}],"version-history":[{"count":17,"href":"https:\/\/www.ha.ax\/en\/wp-json\/wp\/v2\/pages\/2536\/revisions"}],"predecessor-version":[{"id":13706,"href":"https:\/\/www.ha.ax\/en\/wp-json\/wp\/v2\/pages\/2536\/revisions\/13706"}],"wp:featuredmedia":[{"embeddable":true,"href":"https:\/\/www.ha.ax\/en\/wp-json\/wp\/v2\/media\/9391"}],"wp:attachment":[{"href":"https:\/\/www.ha.ax\/en\/wp-json\/wp\/v2\/media?parent=2536"}],"curies":[{"name":"wp","href":"https:\/\/api.w.org\/{rel}","templated":true}]}}